{"id":3267,"date":"2025-11-25T15:57:34","date_gmt":"2025-11-25T15:57:34","guid":{"rendered":"https:\/\/wp.ryalay.fr\/?page_id=3267"},"modified":"2026-01-15T15:14:19","modified_gmt":"2026-01-15T15:14:19","slug":"support-it","status":"publish","type":"page","link":"https:\/\/wp.ryalay.fr\/?page_id=3267","title":{"rendered":"Support IT"},"content":{"rendered":"\t\t<div data-elementor-type=\"wp-page\" data-elementor-id=\"3267\" class=\"elementor elementor-3267\">\n\t\t\t\t<div class=\"elementor-element elementor-element-ddl5s9l e-flex e-con-boxed elementor-invisible e-con e-parent\" data-id=\"ddl5s9l\" data-element_type=\"container\" data-e-type=\"container\" data-settings=\"{&quot;background_background&quot;:&quot;classic&quot;,&quot;animation&quot;:&quot;fadeIn&quot;}\">\n\t\t\t\t\t<div class=\"e-con-inner\">\n\t\t<div class=\"elementor-element elementor-element-77140b5 e-con-full animated-slow e-flex elementor-invisible e-con e-child\" data-id=\"77140b5\" data-element_type=\"container\" data-e-type=\"container\" data-settings=\"{&quot;animation&quot;:&quot;rotateInUpRight&quot;}\">\n\t\t\t\t<div class=\"elementor-element elementor-element-5c922f6 elementor-widget elementor-widget-heading\" data-id=\"5c922f6\" data-element_type=\"widget\" data-e-type=\"widget\" data-widget_type=\"heading.default\">\n\t\t\t\t<div class=\"elementor-widget-container\">\n\t\t\t\t\t<h1 class=\"elementor-heading-title elementor-size-default\">Prot\u00e9ger votre monde num\u00e9rique<\/h1>\t\t\t\t<\/div>\n\t\t\t\t<\/div>\n\t\t\t\t<\/div>\n\t\t\t\t\t<\/div>\n\t\t\t\t<\/div>\n\t\t\t\t<section class=\"elementor-section elementor-top-section elementor-element elementor-element-a931135 elementor-section-boxed elementor-section-height-default elementor-section-height-default\" data-id=\"a931135\" data-element_type=\"section\" data-e-type=\"section\" data-settings=\"{&quot;background_background&quot;:&quot;classic&quot;}\">\n\t\t\t\t\t\t<div class=\"elementor-container elementor-column-gap-no\">\n\t\t\t\t\t<div class=\"elementor-column elementor-col-100 elementor-top-column elementor-element elementor-element-f132d8a\" data-id=\"f132d8a\" data-element_type=\"column\" data-e-type=\"column\">\n\t\t\t<div class=\"elementor-widget-wrap elementor-element-populated\">\n\t\t\t\t\t\t<div class=\"elementor-element elementor-element-898147a elementor-widget elementor-widget-heading\" data-id=\"898147a\" data-element_type=\"widget\" data-e-type=\"widget\" data-widget_type=\"heading.default\">\n\t\t\t\t<div class=\"elementor-widget-container\">\n\t\t\t\t\t<h2 class=\"elementor-heading-title elementor-size-default\">Votre Informatique, Notre priorit\u00e9 !<\/h2>\t\t\t\t<\/div>\n\t\t\t\t<\/div>\n\t\t\t\t<section class=\"elementor-section elementor-inner-section elementor-element elementor-element-c882616 elementor-section-boxed elementor-section-height-default elementor-section-height-default\" data-id=\"c882616\" data-element_type=\"section\" data-e-type=\"section\">\n\t\t\t\t\t\t<div class=\"elementor-container elementor-column-gap-no\">\n\t\t\t\t\t<div class=\"elementor-column elementor-col-50 elementor-inner-column elementor-element elementor-element-4a26b41\" data-id=\"4a26b41\" data-element_type=\"column\" data-e-type=\"column\">\n\t\t\t<div class=\"elementor-widget-wrap elementor-element-populated\">\n\t\t\t\t\t\t<div class=\"elementor-element elementor-element-3dd3ff7 e-transform e-transform elementor-invisible elementor-widget elementor-widget-testimonial\" data-id=\"3dd3ff7\" data-element_type=\"widget\" data-e-type=\"widget\" data-settings=\"{&quot;_animation&quot;:&quot;zoomIn&quot;,&quot;_transform_rotateZ_effect&quot;:{&quot;unit&quot;:&quot;px&quot;,&quot;size&quot;:&quot;&quot;,&quot;sizes&quot;:[]},&quot;_transform_rotateZ_effect_tablet&quot;:{&quot;unit&quot;:&quot;deg&quot;,&quot;size&quot;:&quot;&quot;,&quot;sizes&quot;:[]},&quot;_transform_rotateZ_effect_mobile&quot;:{&quot;unit&quot;:&quot;deg&quot;,&quot;size&quot;:&quot;&quot;,&quot;sizes&quot;:[]},&quot;_transform_skewX_effect&quot;:{&quot;unit&quot;:&quot;px&quot;,&quot;size&quot;:&quot;&quot;,&quot;sizes&quot;:[]},&quot;_transform_skewX_effect_tablet&quot;:{&quot;unit&quot;:&quot;deg&quot;,&quot;size&quot;:&quot;&quot;,&quot;sizes&quot;:[]},&quot;_transform_skewX_effect_mobile&quot;:{&quot;unit&quot;:&quot;deg&quot;,&quot;size&quot;:&quot;&quot;,&quot;sizes&quot;:[]},&quot;_transform_skewY_effect&quot;:{&quot;unit&quot;:&quot;px&quot;,&quot;size&quot;:&quot;&quot;,&quot;sizes&quot;:[]},&quot;_transform_skewY_effect_tablet&quot;:{&quot;unit&quot;:&quot;deg&quot;,&quot;size&quot;:&quot;&quot;,&quot;sizes&quot;:[]},&quot;_transform_skewY_effect_mobile&quot;:{&quot;unit&quot;:&quot;deg&quot;,&quot;size&quot;:&quot;&quot;,&quot;sizes&quot;:[]}}\" data-widget_type=\"testimonial.default\">\n\t\t\t\t<div class=\"elementor-widget-container\">\n\t\t\t\t\t\t\t<div class=\"elementor-testimonial-wrapper\">\n\t\t\t\t\t\t\t<div class=\"elementor-testimonial-content\">Notre assistance informatique assure le bon fonctionnement de vos syst\u00e8mes et r\u00e9sout rapidement les probl\u00e8mes afin que vous puissiez vous concentrer sur ce qui compte le plus !<\/div>\n\t\t\t\n\t\t\t\t\t\t<div class=\"elementor-testimonial-meta elementor-has-image elementor-testimonial-image-position-aside\">\n\t\t\t\t<div class=\"elementor-testimonial-meta-inner\">\n\t\t\t\t\t\t\t\t\t\t\t<div class=\"elementor-testimonial-image\">\n\t\t\t\t\t\t\t<img fetchpriority=\"high\" decoding=\"async\" width=\"1637\" height=\"1091\" src=\"https:\/\/wp.ryalay.fr\/wp-content\/uploads\/2026\/01\/representations-ui-et-ux-avec-ordinateur-portable-1-1.jpg\" class=\"attachment-full size-full wp-image-3565\" alt=\"representations ui et ux avec ordinateur portable (1) (1)\" srcset=\"https:\/\/wp.ryalay.fr\/wp-content\/uploads\/2026\/01\/representations-ui-et-ux-avec-ordinateur-portable-1-1.jpg 1637w, https:\/\/wp.ryalay.fr\/wp-content\/uploads\/2026\/01\/representations-ui-et-ux-avec-ordinateur-portable-1-1-300x200.jpg 300w, https:\/\/wp.ryalay.fr\/wp-content\/uploads\/2026\/01\/representations-ui-et-ux-avec-ordinateur-portable-1-1-1024x682.jpg 1024w, https:\/\/wp.ryalay.fr\/wp-content\/uploads\/2026\/01\/representations-ui-et-ux-avec-ordinateur-portable-1-1-768x512.jpg 768w, https:\/\/wp.ryalay.fr\/wp-content\/uploads\/2026\/01\/representations-ui-et-ux-avec-ordinateur-portable-1-1-1536x1024.jpg 1536w\" sizes=\"(max-width: 1637px) 100vw, 1637px\" \/>\t\t\t\t\t\t<\/div>\n\t\t\t\t\t\n\t\t\t\t\t\t\t\t\t\t<div class=\"elementor-testimonial-details\">\n\t\t\t\t\t\t\t\t\t\t\t\t\t\t<div class=\"elementor-testimonial-name\">Assistance informatique<\/div>\n\t\t\t\t\t\t\t\t\t\t\t\t\t\t\t\t\t\t\t<\/div>\n\t\t\t\t\t\t\t\t\t<\/div>\n\t\t\t<\/div>\n\t\t\t\t\t<\/div>\n\t\t\t\t\t\t<\/div>\n\t\t\t\t<\/div>\n\t\t\t\t<div class=\"elementor-element elementor-element-f4cab10 elementor-invisible elementor-widget elementor-widget-testimonial\" data-id=\"f4cab10\" data-element_type=\"widget\" data-e-type=\"widget\" data-settings=\"{&quot;_animation&quot;:&quot;zoomIn&quot;}\" data-widget_type=\"testimonial.default\">\n\t\t\t\t<div class=\"elementor-widget-container\">\n\t\t\t\t\t\t\t<div class=\"elementor-testimonial-wrapper\">\n\t\t\t\t\t\t\t<div class=\"elementor-testimonial-content\">Prot\u00e9gez vos donn\u00e9es gr\u00e2ce \u00e0 nos solutions de cybers\u00e9curit\u00e9, con\u00e7ues pour vous pr\u00e9munir contre les menaces et garantir la s\u00e9curit\u00e9 de vos informations.<\/div>\n\t\t\t\n\t\t\t\t\t\t<div class=\"elementor-testimonial-meta elementor-has-image elementor-testimonial-image-position-aside\">\n\t\t\t\t<div class=\"elementor-testimonial-meta-inner\">\n\t\t\t\t\t\t\t\t\t\t\t<div class=\"elementor-testimonial-image\">\n\t\t\t\t\t\t\t<img decoding=\"async\" width=\"2560\" height=\"1751\" src=\"https:\/\/wp.ryalay.fr\/wp-content\/uploads\/2026\/01\/concept-de-cybersecurite-et-de-protection-des-donnees-scaled.jpg\" class=\"attachment-full size-full wp-image-3567\" alt=\"concept de cybersecurite et de protection des donnees\" srcset=\"https:\/\/wp.ryalay.fr\/wp-content\/uploads\/2026\/01\/concept-de-cybersecurite-et-de-protection-des-donnees-scaled.jpg 2560w, https:\/\/wp.ryalay.fr\/wp-content\/uploads\/2026\/01\/concept-de-cybersecurite-et-de-protection-des-donnees-300x205.jpg 300w, https:\/\/wp.ryalay.fr\/wp-content\/uploads\/2026\/01\/concept-de-cybersecurite-et-de-protection-des-donnees-1024x701.jpg 1024w, https:\/\/wp.ryalay.fr\/wp-content\/uploads\/2026\/01\/concept-de-cybersecurite-et-de-protection-des-donnees-768x525.jpg 768w, https:\/\/wp.ryalay.fr\/wp-content\/uploads\/2026\/01\/concept-de-cybersecurite-et-de-protection-des-donnees-1536x1051.jpg 1536w, https:\/\/wp.ryalay.fr\/wp-content\/uploads\/2026\/01\/concept-de-cybersecurite-et-de-protection-des-donnees-2048x1401.jpg 2048w\" sizes=\"(max-width: 2560px) 100vw, 2560px\" \/>\t\t\t\t\t\t<\/div>\n\t\t\t\t\t\n\t\t\t\t\t\t\t\t\t\t<div class=\"elementor-testimonial-details\">\n\t\t\t\t\t\t\t\t\t\t\t\t\t\t<div class=\"elementor-testimonial-name\">Solutions de cybers\u00e9curit\u00e9<\/div>\n\t\t\t\t\t\t\t\t\t\t\t\t\t\t\t\t\t\t\t<\/div>\n\t\t\t\t\t\t\t\t\t<\/div>\n\t\t\t<\/div>\n\t\t\t\t\t<\/div>\n\t\t\t\t\t\t<\/div>\n\t\t\t\t<\/div>\n\t\t\t\t\t<\/div>\n\t\t<\/div>\n\t\t\t\t<div class=\"elementor-column elementor-col-50 elementor-inner-column elementor-element elementor-element-f2bfa47\" data-id=\"f2bfa47\" data-element_type=\"column\" data-e-type=\"column\">\n\t\t\t<div class=\"elementor-widget-wrap elementor-element-populated\">\n\t\t\t\t\t\t<div class=\"elementor-element elementor-element-0af5f01 elementor-invisible elementor-widget elementor-widget-testimonial\" data-id=\"0af5f01\" data-element_type=\"widget\" data-e-type=\"widget\" data-settings=\"{&quot;_animation&quot;:&quot;zoomIn&quot;}\" data-widget_type=\"testimonial.default\">\n\t\t\t\t<div class=\"elementor-widget-container\">\n\t\t\t\t\t\t\t<div class=\"elementor-testimonial-wrapper\">\n\t\t\t\t\t\t\t<div class=\"elementor-testimonial-content\">La maintenance r\u00e9guli\u00e8re de vos syst\u00e8mes garantit que votre technologie reste \u00e0 jour et s\u00e9curis\u00e9e, pr\u00e9venant ainsi les probl\u00e8mes avant m\u00eame qu'ils ne surviennent !<\/div>\n\t\t\t\n\t\t\t\t\t\t<div class=\"elementor-testimonial-meta elementor-has-image elementor-testimonial-image-position-aside\">\n\t\t\t\t<div class=\"elementor-testimonial-meta-inner\">\n\t\t\t\t\t\t\t\t\t\t\t<div class=\"elementor-testimonial-image\">\n\t\t\t\t\t\t\t<img decoding=\"async\" width=\"2000\" height=\"2000\" src=\"https:\/\/wp.ryalay.fr\/wp-content\/uploads\/2026\/01\/6165241.jpg\" class=\"attachment-full size-full wp-image-3566\" alt=\"6165241\" srcset=\"https:\/\/wp.ryalay.fr\/wp-content\/uploads\/2026\/01\/6165241.jpg 2000w, https:\/\/wp.ryalay.fr\/wp-content\/uploads\/2026\/01\/6165241-300x300.jpg 300w, https:\/\/wp.ryalay.fr\/wp-content\/uploads\/2026\/01\/6165241-1024x1024.jpg 1024w, https:\/\/wp.ryalay.fr\/wp-content\/uploads\/2026\/01\/6165241-150x150.jpg 150w, https:\/\/wp.ryalay.fr\/wp-content\/uploads\/2026\/01\/6165241-768x768.jpg 768w, https:\/\/wp.ryalay.fr\/wp-content\/uploads\/2026\/01\/6165241-1536x1536.jpg 1536w\" sizes=\"(max-width: 2000px) 100vw, 2000px\" \/>\t\t\t\t\t\t<\/div>\n\t\t\t\t\t\n\t\t\t\t\t\t\t\t\t\t<div class=\"elementor-testimonial-details\">\n\t\t\t\t\t\t\t\t\t\t\t\t\t\t<div class=\"elementor-testimonial-name\">Maintenance syst\u00e8mes<\/div>\n\t\t\t\t\t\t\t\t\t\t\t\t\t\t\t\t\t\t\t<\/div>\n\t\t\t\t\t\t\t\t\t<\/div>\n\t\t\t<\/div>\n\t\t\t\t\t<\/div>\n\t\t\t\t\t\t<\/div>\n\t\t\t\t<\/div>\n\t\t\t\t<div class=\"elementor-element elementor-element-89afece elementor-invisible elementor-widget elementor-widget-testimonial\" data-id=\"89afece\" data-element_type=\"widget\" data-e-type=\"widget\" data-settings=\"{&quot;_animation&quot;:&quot;zoomIn&quot;}\" data-widget_type=\"testimonial.default\">\n\t\t\t\t<div class=\"elementor-widget-container\">\n\t\t\t\t\t\t\t<div class=\"elementor-testimonial-wrapper\">\n\t\t\t\t\t\t\t<div class=\"elementor-testimonial-content\">Notre service de maintenance r\u00e9seau garantit le bon fonctionnement de vos syst\u00e8mes, gr\u00e2ce \u00e0 des interventions rapides et des contr\u00f4les r\u00e9guliers pour pr\u00e9venir les probl\u00e8mes.<\/div>\n\t\t\t\n\t\t\t\t\t\t<div class=\"elementor-testimonial-meta elementor-has-image elementor-testimonial-image-position-aside\">\n\t\t\t\t<div class=\"elementor-testimonial-meta-inner\">\n\t\t\t\t\t\t\t\t\t\t\t<div class=\"elementor-testimonial-image\">\n\t\t\t\t\t\t\t<img loading=\"lazy\" decoding=\"async\" width=\"1404\" height=\"936\" src=\"https:\/\/wp.ryalay.fr\/wp-content\/uploads\/2026\/01\/ingenieur-miniature-et-travailleur-plug-cable-lan-a-l-ordinateur.jpg\" class=\"attachment-full size-full wp-image-3568\" alt=\"ingenieur miniature et travailleur plug cable lan a l ordinateur\" srcset=\"https:\/\/wp.ryalay.fr\/wp-content\/uploads\/2026\/01\/ingenieur-miniature-et-travailleur-plug-cable-lan-a-l-ordinateur.jpg 1404w, https:\/\/wp.ryalay.fr\/wp-content\/uploads\/2026\/01\/ingenieur-miniature-et-travailleur-plug-cable-lan-a-l-ordinateur-300x200.jpg 300w, https:\/\/wp.ryalay.fr\/wp-content\/uploads\/2026\/01\/ingenieur-miniature-et-travailleur-plug-cable-lan-a-l-ordinateur-1024x683.jpg 1024w, https:\/\/wp.ryalay.fr\/wp-content\/uploads\/2026\/01\/ingenieur-miniature-et-travailleur-plug-cable-lan-a-l-ordinateur-768x512.jpg 768w\" sizes=\"(max-width: 1404px) 100vw, 1404px\" \/>\t\t\t\t\t\t<\/div>\n\t\t\t\t\t\n\t\t\t\t\t\t\t\t\t\t<div class=\"elementor-testimonial-details\">\n\t\t\t\t\t\t\t\t\t\t\t\t\t\t<div class=\"elementor-testimonial-name\">Maintenance du r\u00e9seau<\/div>\n\t\t\t\t\t\t\t\t\t\t\t\t\t\t\t\t\t\t\t<\/div>\n\t\t\t\t\t\t\t\t\t<\/div>\n\t\t\t<\/div>\n\t\t\t\t\t<\/div>\n\t\t\t\t\t\t<\/div>\n\t\t\t\t<\/div>\n\t\t\t\t\t<\/div>\n\t\t<\/div>\n\t\t\t\t\t<\/div>\n\t\t<\/section>\n\t\t\t\t\t<\/div>\n\t\t<\/div>\n\t\t\t\t\t<\/div>\n\t\t<\/section>\n\t\t\t\t<\/div>\n\t\t","protected":false},"excerpt":{"rendered":"<p>Prot\u00e9ger votre monde num\u00e9rique Votre Informatique, Notre priorit\u00e9 ! Notre assistance informatique assure le bon fonctionnement de vos syst\u00e8mes et r\u00e9sout rapidement les probl\u00e8mes afin que vous puissiez vous concentrer sur ce qui compte le plus ! Assistance informatique Prot\u00e9gez vos donn\u00e9es gr\u00e2ce \u00e0 nos solutions de cybers\u00e9curit\u00e9, con\u00e7ues pour vous pr\u00e9munir contre les menaces [&hellip;]<\/p>\n","protected":false},"author":4,"featured_media":0,"parent":0,"menu_order":0,"comment_status":"closed","ping_status":"closed","template":"","meta":{"site-sidebar-layout":"no-sidebar","site-content-layout":"page-builder","ast-site-content-layout":"full-width-container","site-content-style":"default","site-sidebar-style":"default","ast-global-header-display":"","ast-banner-title-visibility":"","ast-main-header-display":"","ast-hfb-above-header-display":"","ast-hfb-below-header-display":"","ast-hfb-mobile-header-display":"","site-post-title":"disabled","ast-breadcrumbs-content":"","ast-featured-img":"disabled","footer-sml-layout":"","theme-transparent-header-meta":"","adv-header-id-meta":"","stick-header-meta":"","header-above-stick-meta":"","header-main-stick-meta":"","header-below-stick-meta":"","astra-migrate-meta-layouts":"set","ast-page-background-enabled":"default","ast-page-background-meta":{"desktop":{"background-color":"","background-image":"","background-repeat":"repeat","background-position":"center center","background-size":"auto","background-attachment":"scroll","background-type":"","background-media":"","overlay-type":"","overlay-color":"","overlay-opacity":"","overlay-gradient":""},"tablet":{"background-color":"","background-image":"","background-repeat":"repeat","background-position":"center center","background-size":"auto","background-attachment":"scroll","background-type":"","background-media":"","overlay-type":"","overlay-color":"","overlay-opacity":"","overlay-gradient":""},"mobile":{"background-color":"","background-image":"","background-repeat":"repeat","background-position":"center center","background-size":"auto","background-attachment":"scroll","background-type":"","background-media":"","overlay-type":"","overlay-color":"","overlay-opacity":"","overlay-gradient":""}},"ast-content-background-meta":{"desktop":{"background-color":"var(--ast-global-color-5)","background-image":"","background-repeat":"repeat","background-position":"center center","background-size":"auto","background-attachment":"scroll","background-type":"","background-media":"","overlay-type":"","overlay-color":"","overlay-opacity":"","overlay-gradient":""},"tablet":{"background-color":"var(--ast-global-color-5)","background-image":"","background-repeat":"repeat","background-position":"center center","background-size":"auto","background-attachment":"scroll","background-type":"","background-media":"","overlay-type":"","overlay-color":"","overlay-opacity":"","overlay-gradient":""},"mobile":{"background-color":"var(--ast-global-color-5)","background-image":"","background-repeat":"repeat","background-position":"center center","background-size":"auto","background-attachment":"scroll","background-type":"","background-media":"","overlay-type":"","overlay-color":"","overlay-opacity":"","overlay-gradient":""}},"footnotes":""},"class_list":["post-3267","page","type-page","status-publish","hentry"],"_links":{"self":[{"href":"https:\/\/wp.ryalay.fr\/index.php?rest_route=\/wp\/v2\/pages\/3267","targetHints":{"allow":["GET"]}}],"collection":[{"href":"https:\/\/wp.ryalay.fr\/index.php?rest_route=\/wp\/v2\/pages"}],"about":[{"href":"https:\/\/wp.ryalay.fr\/index.php?rest_route=\/wp\/v2\/types\/page"}],"author":[{"embeddable":true,"href":"https:\/\/wp.ryalay.fr\/index.php?rest_route=\/wp\/v2\/users\/4"}],"replies":[{"embeddable":true,"href":"https:\/\/wp.ryalay.fr\/index.php?rest_route=%2Fwp%2Fv2%2Fcomments&post=3267"}],"version-history":[{"count":39,"href":"https:\/\/wp.ryalay.fr\/index.php?rest_route=\/wp\/v2\/pages\/3267\/revisions"}],"predecessor-version":[{"id":3910,"href":"https:\/\/wp.ryalay.fr\/index.php?rest_route=\/wp\/v2\/pages\/3267\/revisions\/3910"}],"wp:attachment":[{"href":"https:\/\/wp.ryalay.fr\/index.php?rest_route=%2Fwp%2Fv2%2Fmedia&parent=3267"}],"curies":[{"name":"wp","href":"https:\/\/api.w.org\/{rel}","templated":true}]}}