{"id":3269,"date":"2025-11-25T15:58:06","date_gmt":"2025-11-25T15:58:06","guid":{"rendered":"https:\/\/wp.ryalay.fr\/?page_id=3269"},"modified":"2026-01-15T15:09:08","modified_gmt":"2026-01-15T15:09:08","slug":"gestion","status":"publish","type":"page","link":"https:\/\/wp.ryalay.fr\/?page_id=3269","title":{"rendered":"Gestion"},"content":{"rendered":"\t\t<div data-elementor-type=\"wp-page\" data-elementor-id=\"3269\" class=\"elementor elementor-3269\">\n\t\t\t\t<div class=\"elementor-element elementor-element-xp0ybtd e-flex e-con-boxed elementor-invisible e-con e-parent\" data-id=\"xp0ybtd\" data-element_type=\"container\" data-e-type=\"container\" data-settings=\"{&quot;background_background&quot;:&quot;classic&quot;,&quot;animation&quot;:&quot;fadeIn&quot;}\">\n\t\t\t\t\t<div class=\"e-con-inner\">\n\t\t<div class=\"elementor-element elementor-element-77140b5 e-con-full animated-slow e-flex elementor-invisible e-con e-child\" data-id=\"77140b5\" data-element_type=\"container\" data-e-type=\"container\" data-settings=\"{&quot;animation&quot;:&quot;rotateInUpRight&quot;}\">\n\t\t\t\t<div class=\"elementor-element elementor-element-5c922f6 elementor-widget elementor-widget-heading\" data-id=\"5c922f6\" data-element_type=\"widget\" data-e-type=\"widget\" data-widget_type=\"heading.default\">\n\t\t\t\t<div class=\"elementor-widget-container\">\n\t\t\t\t\t<h1 class=\"elementor-heading-title elementor-size-default\">Gestion des donn\u00e9es<\/h1>\t\t\t\t<\/div>\n\t\t\t\t<\/div>\n\t\t\t\t<div class=\"elementor-element elementor-element-c2f6c3d elementor-widget elementor-widget-heading\" data-id=\"c2f6c3d\" data-element_type=\"widget\" data-e-type=\"widget\" data-widget_type=\"heading.default\">\n\t\t\t\t<div class=\"elementor-widget-container\">\n\t\t\t\t\t<h4 class=\"elementor-heading-title elementor-size-default\">S\u00e9curisez l'avenir de vos donn\u00e9es<\/h4>\t\t\t\t<\/div>\n\t\t\t\t<\/div>\n\t\t\t\t<\/div>\n\t\t\t\t\t<\/div>\n\t\t\t\t<\/div>\n\t\t\t\t<section class=\"elementor-section elementor-top-section elementor-element elementor-element-1266v1n elementor-section-content-middle elementor-section-boxed elementor-section-height-default elementor-section-height-default\" data-id=\"1266v1n\" data-element_type=\"section\" data-e-type=\"section\" data-settings=\"{&quot;background_background&quot;:&quot;classic&quot;}\">\n\t\t\t\t\t\t\t<div class=\"elementor-background-overlay\"><\/div>\n\t\t\t\t\t\t\t<div class=\"elementor-container elementor-column-gap-no\">\n\t\t\t\t\t<div class=\"elementor-column elementor-col-100 elementor-top-column elementor-element elementor-element-8a89b00\" data-id=\"8a89b00\" data-element_type=\"column\" data-e-type=\"column\">\n\t\t\t<div class=\"elementor-widget-wrap elementor-element-populated\">\n\t\t\t\t\t\t<div class=\"elementor-element elementor-element-d3507a1 elementor-widget elementor-widget-heading\" data-id=\"d3507a1\" data-element_type=\"widget\" data-e-type=\"widget\" data-widget_type=\"heading.default\">\n\t\t\t\t<div class=\"elementor-widget-container\">\n\t\t\t\t\t<h2 class=\"elementor-heading-title elementor-size-default\">Lib\u00e9rez le potentiel de vos donn\u00e9es !<\/h2>\t\t\t\t<\/div>\n\t\t\t\t<\/div>\n\t\t\t\t<section class=\"elementor-section elementor-inner-section elementor-element elementor-element-27580f2 elementor-section-boxed elementor-section-height-default elementor-section-height-default\" data-id=\"27580f2\" data-element_type=\"section\" data-e-type=\"section\">\n\t\t\t\t\t\t<div class=\"elementor-container elementor-column-gap-wider\">\n\t\t\t\t\t<div class=\"elementor-column elementor-col-33 elementor-inner-column elementor-element elementor-element-e1e3ab4\" data-id=\"e1e3ab4\" data-element_type=\"column\" data-e-type=\"column\">\n\t\t\t<div class=\"elementor-widget-wrap elementor-element-populated\">\n\t\t\t\t\t\t<div class=\"elementor-element elementor-element-4cbad91 elementor-position-top elementor-invisible elementor-widget elementor-widget-image-box\" data-id=\"4cbad91\" data-element_type=\"widget\" data-e-type=\"widget\" data-settings=\"{&quot;_animation&quot;:&quot;fadeInDown&quot;}\" data-widget_type=\"image-box.default\">\n\t\t\t\t<div class=\"elementor-widget-container\">\n\t\t\t\t\t<div class=\"elementor-image-box-wrapper\"><figure class=\"elementor-image-box-img\"><img fetchpriority=\"high\" decoding=\"async\" width=\"2000\" height=\"2000\" src=\"https:\/\/wp.ryalay.fr\/wp-content\/uploads\/2026\/01\/6549368.jpg\" class=\"attachment-full size-full wp-image-3859\" alt=\"6549368\" srcset=\"https:\/\/wp.ryalay.fr\/wp-content\/uploads\/2026\/01\/6549368.jpg 2000w, https:\/\/wp.ryalay.fr\/wp-content\/uploads\/2026\/01\/6549368-300x300.jpg 300w, https:\/\/wp.ryalay.fr\/wp-content\/uploads\/2026\/01\/6549368-1024x1024.jpg 1024w, https:\/\/wp.ryalay.fr\/wp-content\/uploads\/2026\/01\/6549368-150x150.jpg 150w, https:\/\/wp.ryalay.fr\/wp-content\/uploads\/2026\/01\/6549368-768x768.jpg 768w, https:\/\/wp.ryalay.fr\/wp-content\/uploads\/2026\/01\/6549368-1536x1536.jpg 1536w\" sizes=\"(max-width: 2000px) 100vw, 2000px\" \/><\/figure><div class=\"elementor-image-box-content\"><h3 class=\"elementor-image-box-title\">Sauvegarde des donn\u00e9es<\/h3><p class=\"elementor-image-box-description\">Prot\u00e9gez vos pr\u00e9cieuses informations gr\u00e2ce \u00e0 nos solutions de sauvegarde de donn\u00e9es fiables. Ayez l'esprit tranquille : vos donn\u00e9es sont en s\u00e9curit\u00e9 !<\/p><\/div><\/div>\t\t\t\t<\/div>\n\t\t\t\t<\/div>\n\t\t\t\t\t<\/div>\n\t\t<\/div>\n\t\t\t\t<div class=\"elementor-column elementor-col-33 elementor-inner-column elementor-element elementor-element-45b6bfd\" data-id=\"45b6bfd\" data-element_type=\"column\" data-e-type=\"column\">\n\t\t\t<div class=\"elementor-widget-wrap elementor-element-populated\">\n\t\t\t\t\t\t<div class=\"elementor-element elementor-element-1a08a42 elementor-position-top elementor-invisible elementor-widget elementor-widget-image-box\" data-id=\"1a08a42\" data-element_type=\"widget\" data-e-type=\"widget\" data-settings=\"{&quot;_animation&quot;:&quot;fadeInDown&quot;}\" data-widget_type=\"image-box.default\">\n\t\t\t\t<div class=\"elementor-widget-container\">\n\t\t\t\t\t<div class=\"elementor-image-box-wrapper\"><figure class=\"elementor-image-box-img\"><img decoding=\"async\" width=\"225\" height=\"225\" src=\"https:\/\/wp.ryalay.fr\/wp-content\/uploads\/2026\/01\/pic01.jpg\" class=\"attachment-full size-full wp-image-3858\" alt=\"pic01\" srcset=\"https:\/\/wp.ryalay.fr\/wp-content\/uploads\/2026\/01\/pic01.jpg 225w, https:\/\/wp.ryalay.fr\/wp-content\/uploads\/2026\/01\/pic01-150x150.jpg 150w\" sizes=\"(max-width: 225px) 100vw, 225px\" \/><\/figure><div class=\"elementor-image-box-content\"><h3 class=\"elementor-image-box-title\">Gestion des donn\u00e9es<\/h3><p class=\"elementor-image-box-description\">Simplifiez vos op\u00e9rations gr\u00e2ce \u00e0 nos outils de gestion de donn\u00e9es faciles \u00e0 utiliser. Organisez, suivez et acc\u00e9dez \u00e0 vos donn\u00e9es sans effort !<\/p><\/div><\/div>\t\t\t\t<\/div>\n\t\t\t\t<\/div>\n\t\t\t\t\t<\/div>\n\t\t<\/div>\n\t\t\t\t<div class=\"elementor-column elementor-col-33 elementor-inner-column elementor-element elementor-element-647a367\" data-id=\"647a367\" data-element_type=\"column\" data-e-type=\"column\">\n\t\t\t<div class=\"elementor-widget-wrap elementor-element-populated\">\n\t\t\t\t\t\t<div class=\"elementor-element elementor-element-8e7e33e elementor-position-top elementor-invisible elementor-widget elementor-widget-image-box\" data-id=\"8e7e33e\" data-element_type=\"widget\" data-e-type=\"widget\" data-settings=\"{&quot;_animation&quot;:&quot;fadeInDown&quot;}\" data-widget_type=\"image-box.default\">\n\t\t\t\t<div class=\"elementor-widget-container\">\n\t\t\t\t\t<div class=\"elementor-image-box-wrapper\"><figure class=\"elementor-image-box-img\"><img decoding=\"async\" width=\"2560\" height=\"1751\" src=\"https:\/\/wp.ryalay.fr\/wp-content\/uploads\/2026\/01\/concept-de-cybersecurite-et-de-protection-des-donnees-scaled.jpg\" class=\"attachment-full size-full wp-image-3567\" alt=\"concept de cybersecurite et de protection des donnees\" srcset=\"https:\/\/wp.ryalay.fr\/wp-content\/uploads\/2026\/01\/concept-de-cybersecurite-et-de-protection-des-donnees-scaled.jpg 2560w, https:\/\/wp.ryalay.fr\/wp-content\/uploads\/2026\/01\/concept-de-cybersecurite-et-de-protection-des-donnees-300x205.jpg 300w, https:\/\/wp.ryalay.fr\/wp-content\/uploads\/2026\/01\/concept-de-cybersecurite-et-de-protection-des-donnees-1024x701.jpg 1024w, https:\/\/wp.ryalay.fr\/wp-content\/uploads\/2026\/01\/concept-de-cybersecurite-et-de-protection-des-donnees-768x525.jpg 768w, https:\/\/wp.ryalay.fr\/wp-content\/uploads\/2026\/01\/concept-de-cybersecurite-et-de-protection-des-donnees-1536x1051.jpg 1536w, https:\/\/wp.ryalay.fr\/wp-content\/uploads\/2026\/01\/concept-de-cybersecurite-et-de-protection-des-donnees-2048x1401.jpg 2048w\" sizes=\"(max-width: 2560px) 100vw, 2560px\" \/><\/figure><div class=\"elementor-image-box-content\"><h3 class=\"elementor-image-box-title\">S\u00e9curit\u00e9 des donn\u00e9es<\/h3><p class=\"elementor-image-box-description\">Prot\u00e9gez vos donn\u00e9es des menaces ! Nos mesures de s\u00e9curit\u00e9 robustes prot\u00e8gent vos informations et vous offrent une tranquillit\u00e9 d'esprit.<\/p><\/div><\/div>\t\t\t\t<\/div>\n\t\t\t\t<\/div>\n\t\t\t\t\t<\/div>\n\t\t<\/div>\n\t\t\t\t\t<\/div>\n\t\t<\/section>\n\t\t\t\t\t<\/div>\n\t\t<\/div>\n\t\t\t\t\t<\/div>\n\t\t<\/section>\n\t\t\t\t<\/div>\n\t\t","protected":false},"excerpt":{"rendered":"<p>Gestion des donn\u00e9es S\u00e9curisez l&rsquo;avenir de vos donn\u00e9es Lib\u00e9rez le potentiel de vos donn\u00e9es ! Sauvegarde des donn\u00e9es Prot\u00e9gez vos pr\u00e9cieuses informations gr\u00e2ce \u00e0 nos solutions de sauvegarde de donn\u00e9es fiables. Ayez l&rsquo;esprit tranquille : vos donn\u00e9es sont en s\u00e9curit\u00e9 ! Gestion des donn\u00e9es Simplifiez vos op\u00e9rations gr\u00e2ce \u00e0 nos outils de gestion de donn\u00e9es [&hellip;]<\/p>\n","protected":false},"author":4,"featured_media":0,"parent":0,"menu_order":0,"comment_status":"closed","ping_status":"closed","template":"","meta":{"site-sidebar-layout":"no-sidebar","site-content-layout":"page-builder","ast-site-content-layout":"full-width-container","site-content-style":"default","site-sidebar-style":"default","ast-global-header-display":"","ast-banner-title-visibility":"","ast-main-header-display":"","ast-hfb-above-header-display":"","ast-hfb-below-header-display":"","ast-hfb-mobile-header-display":"","site-post-title":"disabled","ast-breadcrumbs-content":"","ast-featured-img":"disabled","footer-sml-layout":"","theme-transparent-header-meta":"","adv-header-id-meta":"","stick-header-meta":"","header-above-stick-meta":"","header-main-stick-meta":"","header-below-stick-meta":"","astra-migrate-meta-layouts":"set","ast-page-background-enabled":"default","ast-page-background-meta":{"desktop":{"background-color":"","background-image":"","background-repeat":"repeat","background-position":"center center","background-size":"auto","background-attachment":"scroll","background-type":"","background-media":"","overlay-type":"","overlay-color":"","overlay-opacity":"","overlay-gradient":""},"tablet":{"background-color":"","background-image":"","background-repeat":"repeat","background-position":"center center","background-size":"auto","background-attachment":"scroll","background-type":"","background-media":"","overlay-type":"","overlay-color":"","overlay-opacity":"","overlay-gradient":""},"mobile":{"background-color":"","background-image":"","background-repeat":"repeat","background-position":"center center","background-size":"auto","background-attachment":"scroll","background-type":"","background-media":"","overlay-type":"","overlay-color":"","overlay-opacity":"","overlay-gradient":""}},"ast-content-background-meta":{"desktop":{"background-color":"var(--ast-global-color-5)","background-image":"","background-repeat":"repeat","background-position":"center center","background-size":"auto","background-attachment":"scroll","background-type":"","background-media":"","overlay-type":"","overlay-color":"","overlay-opacity":"","overlay-gradient":""},"tablet":{"background-color":"var(--ast-global-color-5)","background-image":"","background-repeat":"repeat","background-position":"center center","background-size":"auto","background-attachment":"scroll","background-type":"","background-media":"","overlay-type":"","overlay-color":"","overlay-opacity":"","overlay-gradient":""},"mobile":{"background-color":"var(--ast-global-color-5)","background-image":"","background-repeat":"repeat","background-position":"center center","background-size":"auto","background-attachment":"scroll","background-type":"","background-media":"","overlay-type":"","overlay-color":"","overlay-opacity":"","overlay-gradient":""}},"footnotes":""},"class_list":["post-3269","page","type-page","status-publish","hentry"],"_links":{"self":[{"href":"https:\/\/wp.ryalay.fr\/index.php?rest_route=\/wp\/v2\/pages\/3269","targetHints":{"allow":["GET"]}}],"collection":[{"href":"https:\/\/wp.ryalay.fr\/index.php?rest_route=\/wp\/v2\/pages"}],"about":[{"href":"https:\/\/wp.ryalay.fr\/index.php?rest_route=\/wp\/v2\/types\/page"}],"author":[{"embeddable":true,"href":"https:\/\/wp.ryalay.fr\/index.php?rest_route=\/wp\/v2\/users\/4"}],"replies":[{"embeddable":true,"href":"https:\/\/wp.ryalay.fr\/index.php?rest_route=%2Fwp%2Fv2%2Fcomments&post=3269"}],"version-history":[{"count":34,"href":"https:\/\/wp.ryalay.fr\/index.php?rest_route=\/wp\/v2\/pages\/3269\/revisions"}],"predecessor-version":[{"id":3895,"href":"https:\/\/wp.ryalay.fr\/index.php?rest_route=\/wp\/v2\/pages\/3269\/revisions\/3895"}],"wp:attachment":[{"href":"https:\/\/wp.ryalay.fr\/index.php?rest_route=%2Fwp%2Fv2%2Fmedia&parent=3269"}],"curies":[{"name":"wp","href":"https:\/\/api.w.org\/{rel}","templated":true}]}}