{"id":3507,"date":"2025-11-26T00:16:13","date_gmt":"2025-11-26T00:16:13","guid":{"rendered":"https:\/\/wp.ryalay.fr\/?page_id=3507"},"modified":"2026-01-15T15:09:48","modified_gmt":"2026-01-15T15:09:48","slug":"logistique","status":"publish","type":"page","link":"https:\/\/wp.ryalay.fr\/?page_id=3507","title":{"rendered":"Logistique"},"content":{"rendered":"\t\t<div data-elementor-type=\"wp-page\" data-elementor-id=\"3507\" class=\"elementor elementor-3507\">\n\t\t\t\t<div class=\"elementor-element elementor-element-uq1dq2b e-flex e-con-boxed elementor-invisible e-con e-parent\" data-id=\"uq1dq2b\" data-element_type=\"container\" data-e-type=\"container\" data-settings=\"{&quot;background_background&quot;:&quot;classic&quot;,&quot;animation&quot;:&quot;fadeIn&quot;}\">\n\t\t\t\t\t<div class=\"e-con-inner\">\n\t\t<div class=\"elementor-element elementor-element-77140b5 e-con-full animated-slow e-flex elementor-invisible e-con e-child\" data-id=\"77140b5\" data-element_type=\"container\" data-e-type=\"container\" data-settings=\"{&quot;animation&quot;:&quot;rotateInUpRight&quot;}\">\n\t\t\t\t<div class=\"elementor-element elementor-element-5c922f6 elementor-widget elementor-widget-heading\" data-id=\"5c922f6\" data-element_type=\"widget\" data-e-type=\"widget\" data-widget_type=\"heading.default\">\n\t\t\t\t<div class=\"elementor-widget-container\">\n\t\t\t\t\t<h1 class=\"elementor-heading-title elementor-size-default\">Optimisez votre succ\u00e8s<\/h1>\t\t\t\t<\/div>\n\t\t\t\t<\/div>\n\t\t\t\t<\/div>\n\t\t\t\t\t<\/div>\n\t\t\t\t<\/div>\n\t\t\t\t<section class=\"elementor-section elementor-top-section elementor-element elementor-element-wpvshus elementor-section-content-middle elementor-section-boxed elementor-section-height-default elementor-section-height-default\" data-id=\"wpvshus\" data-element_type=\"section\" data-e-type=\"section\" data-settings=\"{&quot;background_background&quot;:&quot;classic&quot;}\">\n\t\t\t\t\t\t\t<div class=\"elementor-background-overlay\"><\/div>\n\t\t\t\t\t\t\t<div class=\"elementor-container elementor-column-gap-no\">\n\t\t\t\t\t<div class=\"elementor-column elementor-col-100 elementor-top-column elementor-element elementor-element-546b9f5\" data-id=\"546b9f5\" data-element_type=\"column\" data-e-type=\"column\">\n\t\t\t<div class=\"elementor-widget-wrap elementor-element-populated\">\n\t\t\t\t\t\t<div class=\"elementor-element elementor-element-ba215d5 elementor-widget__width-initial elementor-widget-mobile__width-inherit elementor-widget elementor-widget-heading\" data-id=\"ba215d5\" data-element_type=\"widget\" data-e-type=\"widget\" data-widget_type=\"heading.default\">\n\t\t\t\t<div class=\"elementor-widget-container\">\n\t\t\t\t\t<h2 class=\"elementor-heading-title elementor-size-default\">Logistique sans faille, clients satisfaits !<\/h2>\t\t\t\t<\/div>\n\t\t\t\t<\/div>\n\t\t\t\t<div class=\"elementor-element elementor-element-ae17007 elementor-widget__width-initial elementor-widget-mobile__width-inherit elementor-widget elementor-widget-text-editor\" data-id=\"ae17007\" data-element_type=\"widget\" data-e-type=\"widget\" data-widget_type=\"text-editor.default\">\n\t\t\t\t<div class=\"elementor-widget-container\">\n\t\t\t\t\t\t\t\t\t<p>Au c\u0153ur de notre activit\u00e9, nous misons sur la confiance, l&rsquo;efficacit\u00e9 et le travail d&rsquo;\u00e9quipe. Nous nous engageons \u00e0 fournir des solutions logistiques d&rsquo;excellence.<\/p>\t\t\t\t\t\t\t\t<\/div>\n\t\t\t\t<\/div>\n\t\t\t\t<section class=\"elementor-section elementor-inner-section elementor-element elementor-element-216bdf1 elementor-section-boxed elementor-section-height-default elementor-section-height-default\" data-id=\"216bdf1\" data-element_type=\"section\" data-e-type=\"section\">\n\t\t\t\t\t\t<div class=\"elementor-container elementor-column-gap-default\">\n\t\t\t\t\t<div class=\"elementor-column elementor-col-33 elementor-inner-column elementor-element elementor-element-34d33e2\" data-id=\"34d33e2\" data-element_type=\"column\" data-e-type=\"column\">\n\t\t\t<div class=\"elementor-widget-wrap elementor-element-populated\">\n\t\t\t\t\t\t<div class=\"elementor-element elementor-element-6e074cf elementor-position-top elementor-invisible elementor-widget elementor-widget-image-box\" data-id=\"6e074cf\" data-element_type=\"widget\" data-e-type=\"widget\" data-settings=\"{&quot;_animation&quot;:&quot;fadeInDown&quot;}\" data-widget_type=\"image-box.default\">\n\t\t\t\t<div class=\"elementor-widget-container\">\n\t\t\t\t\t<div class=\"elementor-image-box-wrapper\"><figure class=\"elementor-image-box-img\"><img fetchpriority=\"high\" decoding=\"async\" width=\"300\" height=\"300\" src=\"https:\/\/wp.ryalay.fr\/wp-content\/uploads\/2025\/11\/service-thumb-1.jpg\" class=\"attachment-full size-full wp-image-3469\" alt=\"service thumb 1.jpg\" srcset=\"https:\/\/wp.ryalay.fr\/wp-content\/uploads\/2025\/11\/service-thumb-1.jpg 300w, https:\/\/wp.ryalay.fr\/wp-content\/uploads\/2025\/11\/service-thumb-1-150x150.jpg 150w\" sizes=\"(max-width: 300px) 100vw, 300px\" \/><\/figure><div class=\"elementor-image-box-content\"><h4 class=\"elementor-image-box-title\">Gestion de stock<\/h4><p class=\"elementor-image-box-description\">Nous optimisons votre cha\u00eene d'approvisionnement, r\u00e9duisant les co\u00fbts et am\u00e9liorant l'efficacit\u00e9 pour une exp\u00e9rience logistique plus fluide.<\/p><\/div><\/div>\t\t\t\t<\/div>\n\t\t\t\t<\/div>\n\t\t\t\t\t<\/div>\n\t\t<\/div>\n\t\t\t\t<div class=\"elementor-column elementor-col-33 elementor-inner-column elementor-element elementor-element-3f072ac\" data-id=\"3f072ac\" data-element_type=\"column\" data-e-type=\"column\">\n\t\t\t<div class=\"elementor-widget-wrap elementor-element-populated\">\n\t\t\t\t\t\t<div class=\"elementor-element elementor-element-fa7c555 elementor-position-top elementor-invisible elementor-widget elementor-widget-image-box\" data-id=\"fa7c555\" data-element_type=\"widget\" data-e-type=\"widget\" data-settings=\"{&quot;_animation&quot;:&quot;fadeInDown&quot;}\" data-widget_type=\"image-box.default\">\n\t\t\t\t<div class=\"elementor-widget-container\">\n\t\t\t\t\t<div class=\"elementor-image-box-wrapper\"><figure class=\"elementor-image-box-img\"><img decoding=\"async\" width=\"284\" height=\"177\" src=\"https:\/\/wp.ryalay.fr\/wp-content\/uploads\/2026\/01\/pic15.jpg\" class=\"attachment-full size-full wp-image-3694\" alt=\"pic15\" \/><\/figure><div class=\"elementor-image-box-content\"><h4 class=\"elementor-image-box-title\">Transport<\/h4><p class=\"elementor-image-box-description\">Notre \u00e9quipe d'experts simplifie le transport et l'exp\u00e9dition, permettant ainsi \u00e0 vos envois de franchir les fronti\u00e8res rapidement et sans tracas.<\/p><\/div><\/div>\t\t\t\t<\/div>\n\t\t\t\t<\/div>\n\t\t\t\t\t<\/div>\n\t\t<\/div>\n\t\t\t\t<div class=\"elementor-column elementor-col-33 elementor-inner-column elementor-element elementor-element-945c3ea\" data-id=\"945c3ea\" data-element_type=\"column\" data-e-type=\"column\">\n\t\t\t<div class=\"elementor-widget-wrap elementor-element-populated\">\n\t\t\t\t\t\t<div class=\"elementor-element elementor-element-f9c3d32 elementor-position-top elementor-invisible elementor-widget elementor-widget-image-box\" data-id=\"f9c3d32\" data-element_type=\"widget\" data-e-type=\"widget\" data-settings=\"{&quot;_animation&quot;:&quot;fadeInDown&quot;}\" data-widget_type=\"image-box.default\">\n\t\t\t\t<div class=\"elementor-widget-container\">\n\t\t\t\t\t<div class=\"elementor-image-box-wrapper\"><figure class=\"elementor-image-box-img\"><img decoding=\"async\" width=\"294\" height=\"172\" src=\"https:\/\/wp.ryalay.fr\/wp-content\/uploads\/2026\/01\/pic13.jpg\" class=\"attachment-full size-full wp-image-3702\" alt=\"pic13\" \/><\/figure><div class=\"elementor-image-box-content\"><h4 class=\"elementor-image-box-title\">Gestion du fret<\/h4><p class=\"elementor-image-box-description\">Nous prenons en charge tous les aspects de la gestion du fret, assurant un transport s\u00fbr et une livraison ponctuelle de vos marchandises de valeur.<\/p><\/div><\/div>\t\t\t\t<\/div>\n\t\t\t\t<\/div>\n\t\t\t\t\t<\/div>\n\t\t<\/div>\n\t\t\t\t\t<\/div>\n\t\t<\/section>\n\t\t\t\t\t<\/div>\n\t\t<\/div>\n\t\t\t\t\t<\/div>\n\t\t<\/section>\n\t\t\t\t<\/div>\n\t\t","protected":false},"excerpt":{"rendered":"<p>Optimisez votre succ\u00e8s Logistique sans faille, clients satisfaits ! Au c\u0153ur de notre activit\u00e9, nous misons sur la confiance, l&rsquo;efficacit\u00e9 et le travail d&rsquo;\u00e9quipe. Nous nous engageons \u00e0 fournir des solutions logistiques d&rsquo;excellence. Gestion de stock Nous optimisons votre cha\u00eene d&rsquo;approvisionnement, r\u00e9duisant les co\u00fbts et am\u00e9liorant l&rsquo;efficacit\u00e9 pour une exp\u00e9rience logistique plus fluide. Transport Notre [&hellip;]<\/p>\n","protected":false},"author":4,"featured_media":0,"parent":0,"menu_order":0,"comment_status":"closed","ping_status":"closed","template":"","meta":{"site-sidebar-layout":"no-sidebar","site-content-layout":"page-builder","ast-site-content-layout":"full-width-container","site-content-style":"default","site-sidebar-style":"default","ast-global-header-display":"","ast-banner-title-visibility":"","ast-main-header-display":"","ast-hfb-above-header-display":"","ast-hfb-below-header-display":"","ast-hfb-mobile-header-display":"","site-post-title":"disabled","ast-breadcrumbs-content":"","ast-featured-img":"disabled","footer-sml-layout":"","theme-transparent-header-meta":"","adv-header-id-meta":"","stick-header-meta":"","header-above-stick-meta":"","header-main-stick-meta":"","header-below-stick-meta":"","astra-migrate-meta-layouts":"set","ast-page-background-enabled":"default","ast-page-background-meta":{"desktop":{"background-color":"","background-image":"","background-repeat":"repeat","background-position":"center center","background-size":"auto","background-attachment":"scroll","background-type":"","background-media":"","overlay-type":"","overlay-color":"","overlay-opacity":"","overlay-gradient":""},"tablet":{"background-color":"","background-image":"","background-repeat":"repeat","background-position":"center center","background-size":"auto","background-attachment":"scroll","background-type":"","background-media":"","overlay-type":"","overlay-color":"","overlay-opacity":"","overlay-gradient":""},"mobile":{"background-color":"","background-image":"","background-repeat":"repeat","background-position":"center center","background-size":"auto","background-attachment":"scroll","background-type":"","background-media":"","overlay-type":"","overlay-color":"","overlay-opacity":"","overlay-gradient":""}},"ast-content-background-meta":{"desktop":{"background-color":"var(--ast-global-color-5)","background-image":"","background-repeat":"repeat","background-position":"center center","background-size":"auto","background-attachment":"scroll","background-type":"","background-media":"","overlay-type":"","overlay-color":"","overlay-opacity":"","overlay-gradient":""},"tablet":{"background-color":"var(--ast-global-color-5)","background-image":"","background-repeat":"repeat","background-position":"center center","background-size":"auto","background-attachment":"scroll","background-type":"","background-media":"","overlay-type":"","overlay-color":"","overlay-opacity":"","overlay-gradient":""},"mobile":{"background-color":"var(--ast-global-color-5)","background-image":"","background-repeat":"repeat","background-position":"center center","background-size":"auto","background-attachment":"scroll","background-type":"","background-media":"","overlay-type":"","overlay-color":"","overlay-opacity":"","overlay-gradient":""}},"footnotes":""},"class_list":["post-3507","page","type-page","status-publish","hentry"],"_links":{"self":[{"href":"https:\/\/wp.ryalay.fr\/index.php?rest_route=\/wp\/v2\/pages\/3507","targetHints":{"allow":["GET"]}}],"collection":[{"href":"https:\/\/wp.ryalay.fr\/index.php?rest_route=\/wp\/v2\/pages"}],"about":[{"href":"https:\/\/wp.ryalay.fr\/index.php?rest_route=\/wp\/v2\/types\/page"}],"author":[{"embeddable":true,"href":"https:\/\/wp.ryalay.fr\/index.php?rest_route=\/wp\/v2\/users\/4"}],"replies":[{"embeddable":true,"href":"https:\/\/wp.ryalay.fr\/index.php?rest_route=%2Fwp%2Fv2%2Fcomments&post=3507"}],"version-history":[{"count":52,"href":"https:\/\/wp.ryalay.fr\/index.php?rest_route=\/wp\/v2\/pages\/3507\/revisions"}],"predecessor-version":[{"id":3898,"href":"https:\/\/wp.ryalay.fr\/index.php?rest_route=\/wp\/v2\/pages\/3507\/revisions\/3898"}],"wp:attachment":[{"href":"https:\/\/wp.ryalay.fr\/index.php?rest_route=%2Fwp%2Fv2%2Fmedia&parent=3507"}],"curies":[{"name":"wp","href":"https:\/\/api.w.org\/{rel}","templated":true}]}}